{"id":9,"date":"2023-10-13T08:10:58","date_gmt":"2023-10-13T06:10:58","guid":{"rendered":"https:\/\/depilacja-domowa.pl\/?page_id=9"},"modified":"2023-10-13T08:39:51","modified_gmt":"2023-10-13T06:39:51","slug":"strona-glowna","status":"publish","type":"page","link":"https:\/\/depilacja-domowa.pl\/","title":{"rendered":"Strona g\u0142\u00f3wna"},"content":{"rendered":"<p>[et_pb_section fb_built=&#8221;1&#8243; admin_label=&#8221;Blog&#8221; _builder_version=&#8221;4.20.0&#8243; _module_preset=&#8221;default&#8221; collapsed=&#8221;on&#8221; global_colors_info=&#8221;{}&#8221; theme_builder_area=&#8221;post_content&#8221;][et_pb_row _builder_version=&#8221;4.20.0&#8243; _module_preset=&#8221;default&#8221; global_colors_info=&#8221;{}&#8221; theme_builder_area=&#8221;post_content&#8221;][et_pb_column type=&#8221;4_4&#8243; _builder_version=&#8221;4.20.0&#8243; _module_preset=&#8221;default&#8221; global_colors_info=&#8221;{}&#8221; theme_builder_area=&#8221;post_content&#8221;][et_pb_text _builder_version=&#8221;4.20.0&#8243; _module_preset=&#8221;530c9cd3-aeca-4e98-91a1-d46bfc0f6183&#8243; text_orientation=&#8221;center&#8221; global_colors_info=&#8221;{}&#8221; theme_builder_area=&#8221;post_content&#8221;]<\/p>\n<h1>O DEPILACJI WIEMY NAJWI\u0118CEJ!<\/h1>\n<p>[\/et_pb_text][et_pb_blog posts_number=&#8221;6&#8243; include_categories=&#8221;16&#8243; show_categories=&#8221;off&#8221; _builder_version=&#8221;4.22.2&#8243; _module_preset=&#8221;387c44fb-7b52-4518-88c7-418aa502a9ba&#8221; header_font_size=&#8221;32px&#8221; body_font_size=&#8221;16px&#8221; hover_enabled=&#8221;0&#8243; body_font_size_tablet=&#8221;15px&#8221; body_font_size_phone=&#8221;14px&#8221; body_font_size_last_edited=&#8221;on|desktop&#8221; locked=&#8221;off&#8221; global_colors_info=&#8221;{%22gcid-606d042f-c90f-4ea6-97e7-7b08f1ba25f6%22:%91%22text_text_color%22,%22header_4_text_color%22,%22read_more_text_color%22%93,%22gcid-803cbec3-ce51-4865-83f1-75b1ba8d83fc%22:%91%22meta_text_color%22%93}&#8221; theme_builder_area=&#8221;post_content&#8221; show_date=&#8221;off&#8221; show_author=&#8221;off&#8221; sticky_enabled=&#8221;0&#8243;][\/et_pb_blog][\/et_pb_column][\/et_pb_row][\/et_pb_section]<\/p>\n","protected":false},"excerpt":{"rendered":"<p>O DEPILACJI WIEMY NAJWI\u0118CEJ!<\/p>\n","protected":false},"author":1,"featured_media":0,"parent":0,"menu_order":0,"comment_status":"closed","ping_status":"closed","template":"","meta":{"_et_pb_use_builder":"on","_et_pb_old_content":"","_et_gb_content_width":"","footnotes":""},"class_list":["post-9","page","type-page","status-publish","hentry"],"yoast_head":"<!-- This site is optimized with the Yoast SEO plugin v21.7 - https:\/\/yoast.com\/wordpress\/plugins\/seo\/ -->\n<title>Strona g\u0142\u00f3wna - depilacja-domowa.pl<\/title>\n<meta name=\"robots\" content=\"index, follow, max-snippet:-1, max-image-preview:large, max-video-preview:-1\" \/>\n<link rel=\"canonical\" href=\"https:\/\/depilacja-domowa.pl\/\" \/>\n<meta property=\"og:locale\" content=\"pl_PL\" \/>\n<meta property=\"og:type\" content=\"article\" \/>\n<meta property=\"og:title\" content=\"Strona g\u0142\u00f3wna - depilacja-domowa.pl\" \/>\n<meta property=\"og:description\" content=\"O DEPILACJI WIEMY NAJWI\u0118CEJ!\" \/>\n<meta property=\"og:url\" content=\"https:\/\/depilacja-domowa.pl\/\" \/>\n<meta property=\"og:site_name\" content=\"depilacja-domowa.pl\" \/>\n<meta property=\"article:modified_time\" content=\"2023-10-13T06:39:51+00:00\" \/>\n<meta name=\"twitter:card\" content=\"summary_large_image\" \/>\n<meta name=\"twitter:label1\" content=\"Szacowany czas czytania\" \/>\n\t<meta name=\"twitter:data1\" content=\"1 minuta\" \/>\n<script type=\"application\/ld+json\" class=\"yoast-schema-graph\">{\"@context\":\"https:\/\/schema.org\",\"@graph\":[{\"@type\":\"WebPage\",\"@id\":\"https:\/\/depilacja-domowa.pl\/\",\"url\":\"https:\/\/depilacja-domowa.pl\/\",\"name\":\"Strona g\u0142\u00f3wna - depilacja-domowa.pl\",\"isPartOf\":{\"@id\":\"https:\/\/depilacja-domowa.pl\/#website\"},\"datePublished\":\"2023-10-13T06:10:58+00:00\",\"dateModified\":\"2023-10-13T06:39:51+00:00\",\"breadcrumb\":{\"@id\":\"https:\/\/depilacja-domowa.pl\/#breadcrumb\"},\"inLanguage\":\"pl-PL\",\"potentialAction\":[{\"@type\":\"ReadAction\",\"target\":[\"https:\/\/depilacja-domowa.pl\/\"]}]},{\"@type\":\"BreadcrumbList\",\"@id\":\"https:\/\/depilacja-domowa.pl\/#breadcrumb\",\"itemListElement\":[{\"@type\":\"ListItem\",\"position\":1,\"name\":\"Strona g\u0142\u00f3wna\",\"item\":\"https:\/\/depilacja-domowa.pl\/\"},{\"@type\":\"ListItem\",\"position\":2,\"name\":\"Strona g\u0142\u00f3wna\"}]},{\"@type\":\"WebSite\",\"@id\":\"https:\/\/depilacja-domowa.pl\/#website\",\"url\":\"https:\/\/depilacja-domowa.pl\/\",\"name\":\"depilacja-domowa.pl\",\"description\":\"\",\"potentialAction\":[{\"@type\":\"SearchAction\",\"target\":{\"@type\":\"EntryPoint\",\"urlTemplate\":\"https:\/\/depilacja-domowa.pl\/?s={search_term_string}\"},\"query-input\":\"required name=search_term_string\"}],\"inLanguage\":\"pl-PL\"}]}<\/script>\n<!-- \/ Yoast SEO plugin. -->","yoast_head_json":{"title":"Strona g\u0142\u00f3wna - depilacja-domowa.pl","robots":{"index":"index","follow":"follow","max-snippet":"max-snippet:-1","max-image-preview":"max-image-preview:large","max-video-preview":"max-video-preview:-1"},"canonical":"https:\/\/depilacja-domowa.pl\/","og_locale":"pl_PL","og_type":"article","og_title":"Strona g\u0142\u00f3wna - depilacja-domowa.pl","og_description":"O DEPILACJI WIEMY NAJWI\u0118CEJ!","og_url":"https:\/\/depilacja-domowa.pl\/","og_site_name":"depilacja-domowa.pl","article_modified_time":"2023-10-13T06:39:51+00:00","twitter_card":"summary_large_image","twitter_misc":{"Szacowany czas czytania":"1 minuta"},"schema":{"@context":"https:\/\/schema.org","@graph":[{"@type":"WebPage","@id":"https:\/\/depilacja-domowa.pl\/","url":"https:\/\/depilacja-domowa.pl\/","name":"Strona g\u0142\u00f3wna - depilacja-domowa.pl","isPartOf":{"@id":"https:\/\/depilacja-domowa.pl\/#website"},"datePublished":"2023-10-13T06:10:58+00:00","dateModified":"2023-10-13T06:39:51+00:00","breadcrumb":{"@id":"https:\/\/depilacja-domowa.pl\/#breadcrumb"},"inLanguage":"pl-PL","potentialAction":[{"@type":"ReadAction","target":["https:\/\/depilacja-domowa.pl\/"]}]},{"@type":"BreadcrumbList","@id":"https:\/\/depilacja-domowa.pl\/#breadcrumb","itemListElement":[{"@type":"ListItem","position":1,"name":"Strona g\u0142\u00f3wna","item":"https:\/\/depilacja-domowa.pl\/"},{"@type":"ListItem","position":2,"name":"Strona g\u0142\u00f3wna"}]},{"@type":"WebSite","@id":"https:\/\/depilacja-domowa.pl\/#website","url":"https:\/\/depilacja-domowa.pl\/","name":"depilacja-domowa.pl","description":"","potentialAction":[{"@type":"SearchAction","target":{"@type":"EntryPoint","urlTemplate":"https:\/\/depilacja-domowa.pl\/?s={search_term_string}"},"query-input":"required name=search_term_string"}],"inLanguage":"pl-PL"}]}},"_links":{"self":[{"href":"https:\/\/depilacja-domowa.pl\/index.php\/wp-json\/wp\/v2\/pages\/9","targetHints":{"allow":["GET"]}}],"collection":[{"href":"https:\/\/depilacja-domowa.pl\/index.php\/wp-json\/wp\/v2\/pages"}],"about":[{"href":"https:\/\/depilacja-domowa.pl\/index.php\/wp-json\/wp\/v2\/types\/page"}],"author":[{"embeddable":true,"href":"https:\/\/depilacja-domowa.pl\/index.php\/wp-json\/wp\/v2\/users\/1"}],"replies":[{"embeddable":true,"href":"https:\/\/depilacja-domowa.pl\/index.php\/wp-json\/wp\/v2\/comments?post=9"}],"version-history":[{"count":4,"href":"https:\/\/depilacja-domowa.pl\/index.php\/wp-json\/wp\/v2\/pages\/9\/revisions"}],"predecessor-version":[{"id":43,"href":"https:\/\/depilacja-domowa.pl\/index.php\/wp-json\/wp\/v2\/pages\/9\/revisions\/43"}],"wp:attachment":[{"href":"https:\/\/depilacja-domowa.pl\/index.php\/wp-json\/wp\/v2\/media?parent=9"}],"curies":[{"name":"wp","href":"https:\/\/api.w.org\/{rel}","templated":true}]}}